{"id":106,"date":"2016-07-20T16:49:26","date_gmt":"2016-07-20T20:49:26","guid":{"rendered":"http:\/\/www.chemtec.com.py\/?page_id=106"},"modified":"2016-08-02T08:45:53","modified_gmt":"2016-08-02T12:45:53","slug":"productos-de-alta-calidad","status":"publish","type":"page","link":"http:\/\/www.chemtec.com.py\/?page_id=106","title":{"rendered":"Productos de Alta Calidad"},"content":{"rendered":"<p>Ofrece una amplia gama de agroqu\u00edmicos; funguicidas, insecticidas, herbicidas y coadyuvantes. Innovadores nutrientes vegetales de desarrollo biotecnol\u00f3gico, inoculantes, fertilizantes y bioestimulantes.<\/p>\n<p>Adem\u00e1s de una l\u00ednea de productos veterinarios.<\/p>\n<p>Tambi\u00e9n\u00a0producen insecticidas piretroides de baja toxicidad, para uso urbano\/residencial, como contribuci\u00f3n al grave problema de la Fiebre Amarilla, el Mal de Chagas y el Dengue.<\/p>\n<p style=\"text-align: center;\"><a href=\"http:\/\/www.chemtec.com.py\/?page_id=80\">Vea nuestro\u00a0CAT\u00c1LOGO DE PRODUCTOS\u00a0clikeando aqu\u00ed<\/a><\/p>\n<p style=\"text-align: center;\"><a href=\"http:\/\/www.chemtec.com.py\/wp-content\/uploads\/2016\/07\/catalogo-de-productos-por-hojas-2016.pdf\">o baje un pdf clikeando aqu\u00ed<\/a><\/p>\n<p><a href=\"http:\/\/www.chemtec.com.py\/wp-content\/uploads\/2016\/07\/catalogo-de-productos-por-hojas-2016.pdf\"><img loading=\"lazy\" decoding=\"async\" class=\"size-medium wp-image-218 aligncenter\" src=\"http:\/\/www.chemtec.com.py\/wp-content\/uploads\/2016\/07\/catalogo-de-productos-por-hojas-2016-1-214x300.jpg\" alt=\"catalogo de productos por hojas 2016\" width=\"214\" height=\"300\" srcset=\"http:\/\/www.chemtec.com.py\/wp-content\/uploads\/2016\/07\/catalogo-de-productos-por-hojas-2016-1-214x300.jpg 214w, http:\/\/www.chemtec.com.py\/wp-content\/uploads\/2016\/07\/catalogo-de-productos-por-hojas-2016-1-768x1076.jpg 768w, http:\/\/www.chemtec.com.py\/wp-content\/uploads\/2016\/07\/catalogo-de-productos-por-hojas-2016-1-731x1024.jpg 731w, http:\/\/www.chemtec.com.py\/wp-content\/uploads\/2016\/07\/catalogo-de-productos-por-hojas-2016-1.jpg 1238w\" sizes=\"(max-width: 214px) 100vw, 214px\" \/><\/a><\/p>\n<p style=\"text-align: center;\"><a href=\"http:\/\/www.chemtec.com.py\/wp-content\/uploads\/2016\/07\/Nuevo-Catalogo-Veterinario-por-hojas.pdf\">CATALOGO DE PRODUCTOS VETERINARIOS 2016<\/a><\/p>\n<p style=\"text-align: center;\"><a href=\"http:\/\/www.chemtec.com.py\/wp-content\/uploads\/2016\/07\/Nuevo-Catalogo-Veterinario-por-hojas.pdf\"><img loading=\"lazy\" decoding=\"async\" class=\"alignnone size-medium wp-image-230\" src=\"http:\/\/www.chemtec.com.py\/wp-content\/uploads\/2016\/07\/Nuevo-Catalogo-Veterinario-por-hojas-1-211x300.jpg\" alt=\"Nuevo Catalogo Veterinario por hojas\" width=\"211\" height=\"300\" srcset=\"http:\/\/www.chemtec.com.py\/wp-content\/uploads\/2016\/07\/Nuevo-Catalogo-Veterinario-por-hojas-1-211x300.jpg 211w, http:\/\/www.chemtec.com.py\/wp-content\/uploads\/2016\/07\/Nuevo-Catalogo-Veterinario-por-hojas-1-768x1090.jpg 768w, http:\/\/www.chemtec.com.py\/wp-content\/uploads\/2016\/07\/Nuevo-Catalogo-Veterinario-por-hojas-1-722x1024.jpg 722w, http:\/\/www.chemtec.com.py\/wp-content\/uploads\/2016\/07\/Nuevo-Catalogo-Veterinario-por-hojas-1.jpg 1227w\" sizes=\"(max-width: 211px) 100vw, 211px\" \/><\/a><\/p>\n<p style=\"text-align: center;\">\u00a0<a href=\"http:\/\/www.chemtec.com.py\/wp-content\/uploads\/2016\/07\/Nuevo-Catalogo-Veterinario-por-hojas.pdf\">BAJAR PDF<\/a><\/p>\n","protected":false},"excerpt":{"rendered":"<p>Ofrece una amplia gama de agroqu\u00edmicos; funguicidas, insecticidas, herbicidas y coadyuvantes. Innovadores nutrientes vegetales de desarrollo biotecnol\u00f3gico, inoculantes, fertilizantes y bioestimulantes. Adem\u00e1s de una l\u00ednea de productos veterinarios. Tambi\u00e9n\u00a0producen insecticidas piretroides de baja toxicidad, para uso urbano\/residencial, como contribuci\u00f3n al grave problema de la Fiebre Amarilla, el Mal de Chagas y el Dengue. Vea nuestro\u00a0CAT\u00c1LOGO&#8230;<\/p>\n","protected":false},"author":2,"featured_media":0,"parent":0,"menu_order":0,"comment_status":"closed","ping_status":"closed","template":"","meta":{"footnotes":""},"class_list":["post-106","page","type-page","status-publish","hentry"],"_links":{"self":[{"href":"http:\/\/www.chemtec.com.py\/index.php?rest_route=\/wp\/v2\/pages\/106"}],"collection":[{"href":"http:\/\/www.chemtec.com.py\/index.php?rest_route=\/wp\/v2\/pages"}],"about":[{"href":"http:\/\/www.chemtec.com.py\/index.php?rest_route=\/wp\/v2\/types\/page"}],"author":[{"embeddable":true,"href":"http:\/\/www.chemtec.com.py\/index.php?rest_route=\/wp\/v2\/users\/2"}],"replies":[{"embeddable":true,"href":"http:\/\/www.chemtec.com.py\/index.php?rest_route=%2Fwp%2Fv2%2Fcomments&post=106"}],"version-history":[{"count":6,"href":"http:\/\/www.chemtec.com.py\/index.php?rest_route=\/wp\/v2\/pages\/106\/revisions"}],"predecessor-version":[{"id":361,"href":"http:\/\/www.chemtec.com.py\/index.php?rest_route=\/wp\/v2\/pages\/106\/revisions\/361"}],"wp:attachment":[{"href":"http:\/\/www.chemtec.com.py\/index.php?rest_route=%2Fwp%2Fv2%2Fmedia&parent=106"}],"curies":[{"name":"wp","href":"https:\/\/api.w.org\/{rel}","templated":true}]}}