{"id":111,"date":"2016-07-20T17:01:54","date_gmt":"2016-07-20T21:01:54","guid":{"rendered":"http:\/\/www.chemtec.com.py\/?page_id=111"},"modified":"2016-07-30T10:41:45","modified_gmt":"2016-07-30T14:41:45","slug":"planta-industrial-villeta","status":"publish","type":"page","link":"http:\/\/www.chemtec.com.py\/?page_id=111","title":{"rendered":"Planta Industrial Villeta"},"content":{"rendered":"<p>La planta industrial Villeta, Paraguay, cuenta con 6.000 m2 cubiertos en un predio de 8 Ha. Est\u00e1 ubicada estrat\u00e9gicamente junto al puerto de Villeta, \u00fanico puerto habilitado para la recepci\u00f3n de agroqu\u00edmicos en el Paraguay.<\/p>\n<p>La capacidad productiva supera los 40 millones de kg\/lt a\u00f1o en todas las l\u00edneas de producci\u00f3n de defensivos y en todas sus formulaciones: l\u00edquidos, floables, polvos y granulados, lo que la convierte en una de las plantas de mayor capacidad de la regi\u00f3n.<\/p>\n<p>Posee todas las habilitaciones, inscripciones y registros activos de los organismos reguladores de su actividad.<\/p>\n<p>La planta industrial Villeta opera al nivel de los m\u00e1s altos est\u00e1ndares internacionales, cumpliendo normativas de construcci\u00f3n de acuerdo a las buenas pr\u00e1cticas de manufactura y las normativas de la Organizaci\u00f3n de las Naciones Unidas para la Agricultura y la Alimentaci\u00f3n (FAO), incorporando los m\u00e1s actualizados dise\u00f1os en materia de procesos, seguridad y protecci\u00f3n ambiental, bajo estrictas normas de calidad, generando un c\u00edrculo virtuoso en el cual cada sector es m\u00e1s productivo y m\u00e1s eficiente, produciendo una situaci\u00f3n de mejora continua, que asegura a sus clientes mayor calidad y mejores precios.<\/p>\n","protected":false},"excerpt":{"rendered":"<p>La planta industrial Villeta, Paraguay, cuenta con 6.000 m2 cubiertos en un predio de 8 Ha. Est\u00e1 ubicada estrat\u00e9gicamente junto al puerto de Villeta, \u00fanico puerto habilitado para la recepci\u00f3n de agroqu\u00edmicos en el Paraguay. La capacidad productiva supera los 40 millones de kg\/lt a\u00f1o en todas las l\u00edneas de producci\u00f3n de defensivos y en&#8230;<\/p>\n","protected":false},"author":2,"featured_media":18,"parent":0,"menu_order":0,"comment_status":"closed","ping_status":"closed","template":"","meta":{"footnotes":""},"class_list":["post-111","page","type-page","status-publish","has-post-thumbnail","hentry"],"_links":{"self":[{"href":"http:\/\/www.chemtec.com.py\/index.php?rest_route=\/wp\/v2\/pages\/111"}],"collection":[{"href":"http:\/\/www.chemtec.com.py\/index.php?rest_route=\/wp\/v2\/pages"}],"about":[{"href":"http:\/\/www.chemtec.com.py\/index.php?rest_route=\/wp\/v2\/types\/page"}],"author":[{"embeddable":true,"href":"http:\/\/www.chemtec.com.py\/index.php?rest_route=\/wp\/v2\/users\/2"}],"replies":[{"embeddable":true,"href":"http:\/\/www.chemtec.com.py\/index.php?rest_route=%2Fwp%2Fv2%2Fcomments&post=111"}],"version-history":[{"count":3,"href":"http:\/\/www.chemtec.com.py\/index.php?rest_route=\/wp\/v2\/pages\/111\/revisions"}],"predecessor-version":[{"id":343,"href":"http:\/\/www.chemtec.com.py\/index.php?rest_route=\/wp\/v2\/pages\/111\/revisions\/343"}],"wp:featuredmedia":[{"embeddable":true,"href":"http:\/\/www.chemtec.com.py\/index.php?rest_route=\/wp\/v2\/media\/18"}],"wp:attachment":[{"href":"http:\/\/www.chemtec.com.py\/index.php?rest_route=%2Fwp%2Fv2%2Fmedia&parent=111"}],"curies":[{"name":"wp","href":"https:\/\/api.w.org\/{rel}","templated":true}]}}