{"id":122,"date":"2016-07-20T18:17:47","date_gmt":"2016-07-20T22:17:47","guid":{"rendered":"http:\/\/www.chemtec.com.py\/?page_id=122"},"modified":"2016-07-26T18:21:19","modified_gmt":"2016-07-26T22:21:19","slug":"122-2","status":"publish","type":"page","link":"http:\/\/www.chemtec.com.py\/?page_id=122","title":{"rendered":"Ventas de Productos Fitosanitarios"},"content":{"rendered":"<p>Solicite un pedido al \u00a0(21) 610610<\/p>\n<div id=\"u_jsonp_2_3o\" class=\"ellipsis _50f3\" data-hover=\"tooltip\">Vis\u00edtenos en Santa Ana 1331 c\/ Carlos Abdall\u00e1,\u00a0<a id=\"u_jsonp_2_3n\" href=\"http:\/\/share.here.com\/r\/mylocation\/e-eyJuYW1lIjoiQ2hlbXRlYyBzYWUiLCJhZGRyZXNzIjoiU2FudGEgQW5hIDEzMzEgY1wvIENhcmxvcyBBYmRhbGxcdTAwZTEsIEFzdW5jaVx1MDBmM24iLCJsYXRpdHVkZSI6LTI1LjI5NTQzLCJsb25naXR1ZGUiOi01Ny42MzUwMiwicHJvdmlkZXJOYW1lIjoiZmFjZWJvb2siLCJwcm92aWRlcklkIjo5MTgyNzQ4NjgzMDE0NjJ9?link=addresses&amp;fb_locale=es_LA&amp;ref=facebook\" target=\"_blank\" rel=\"nofollow\">Asunci\u00f3n<\/a><\/div>\n<div class=\"ellipsis _50f3\" data-hover=\"tooltip\"><\/div>\n<p>Contacte al centro de asesoramiento permanente Chemtec \u00a0(21) 610610.<\/p>\n<p>Los t\u00e9cnicos le brindaran soluciones concretas a todas sus etapas de producci\u00f3n\u2026<\/p>\n<p><strong>Chemtec Paraguay, protecci\u00f3n de la ra\u00edz a los frutos.<\/strong><\/p>\n<p style=\"text-align: center;\"><a href=\"http:\/\/www.chemtec.com.py\/?page_id=80\" target=\"_blank\">ver cat\u00e1logo de productos aqu\u00ed<\/a><\/p>\n<p style=\"text-align: center;\"><a href=\"http:\/\/www.chemtec.com.py\/wp-content\/uploads\/2016\/07\/catalogo-de-productos-por-hojas-2016.pdf\" target=\"_blank\">o baje el Cat\u00e1logo de productos en pdf aqu\u00ed<\/a><\/p>\n<p style=\"text-align: center;\"><a href=\"http:\/\/www.chemtec.com.py\/wp-content\/uploads\/2016\/07\/catalogo-de-productos-por-hojas-2016.pdf\"><img loading=\"lazy\" decoding=\"async\" class=\"alignnone size-medium wp-image-218\" src=\"http:\/\/www.chemtec.com.py\/wp-content\/uploads\/2016\/07\/catalogo-de-productos-por-hojas-2016-1-214x300.jpg\" alt=\"catalogo de productos por hojas 2016\" width=\"214\" height=\"300\" srcset=\"http:\/\/www.chemtec.com.py\/wp-content\/uploads\/2016\/07\/catalogo-de-productos-por-hojas-2016-1-214x300.jpg 214w, http:\/\/www.chemtec.com.py\/wp-content\/uploads\/2016\/07\/catalogo-de-productos-por-hojas-2016-1-768x1076.jpg 768w, http:\/\/www.chemtec.com.py\/wp-content\/uploads\/2016\/07\/catalogo-de-productos-por-hojas-2016-1-731x1024.jpg 731w, http:\/\/www.chemtec.com.py\/wp-content\/uploads\/2016\/07\/catalogo-de-productos-por-hojas-2016-1.jpg 1238w\" sizes=\"(max-width: 214px) 100vw, 214px\" \/><\/a><\/p>\n<p>&nbsp;<\/p>\n","protected":false},"excerpt":{"rendered":"<p>Solicite un pedido al \u00a0(21) 610610 Vis\u00edtenos en Santa Ana 1331 c\/ Carlos Abdall\u00e1,\u00a0Asunci\u00f3n Contacte al centro de asesoramiento permanente Chemtec \u00a0(21) 610610. Los t\u00e9cnicos le brindaran soluciones concretas a todas sus etapas de producci\u00f3n\u2026 Chemtec Paraguay, protecci\u00f3n de la ra\u00edz a los frutos. ver cat\u00e1logo de productos aqu\u00ed o baje el Cat\u00e1logo de productos&#8230;<\/p>\n","protected":false},"author":2,"featured_media":120,"parent":0,"menu_order":0,"comment_status":"closed","ping_status":"closed","template":"","meta":{"footnotes":""},"class_list":["post-122","page","type-page","status-publish","has-post-thumbnail","hentry"],"_links":{"self":[{"href":"http:\/\/www.chemtec.com.py\/index.php?rest_route=\/wp\/v2\/pages\/122"}],"collection":[{"href":"http:\/\/www.chemtec.com.py\/index.php?rest_route=\/wp\/v2\/pages"}],"about":[{"href":"http:\/\/www.chemtec.com.py\/index.php?rest_route=\/wp\/v2\/types\/page"}],"author":[{"embeddable":true,"href":"http:\/\/www.chemtec.com.py\/index.php?rest_route=\/wp\/v2\/users\/2"}],"replies":[{"embeddable":true,"href":"http:\/\/www.chemtec.com.py\/index.php?rest_route=%2Fwp%2Fv2%2Fcomments&post=122"}],"version-history":[{"count":5,"href":"http:\/\/www.chemtec.com.py\/index.php?rest_route=\/wp\/v2\/pages\/122\/revisions"}],"predecessor-version":[{"id":240,"href":"http:\/\/www.chemtec.com.py\/index.php?rest_route=\/wp\/v2\/pages\/122\/revisions\/240"}],"wp:featuredmedia":[{"embeddable":true,"href":"http:\/\/www.chemtec.com.py\/index.php?rest_route=\/wp\/v2\/media\/120"}],"wp:attachment":[{"href":"http:\/\/www.chemtec.com.py\/index.php?rest_route=%2Fwp%2Fv2%2Fmedia&parent=122"}],"curies":[{"name":"wp","href":"https:\/\/api.w.org\/{rel}","templated":true}]}}