{"id":154,"date":"2016-07-26T17:04:33","date_gmt":"2016-07-26T21:04:33","guid":{"rendered":"http:\/\/www.chemtec.com.py\/?page_id=154"},"modified":"2016-07-28T18:38:31","modified_gmt":"2016-07-28T22:38:31","slug":"funguicidas","status":"publish","type":"page","link":"http:\/\/www.chemtec.com.py\/?page_id=154","title":{"rendered":"FUNGUICIDAS"},"content":{"rendered":"<table style=\"width: 100%;\">\n<tbody>\n<tr>\n<td style=\"width: 229px; text-align: center;\"><img loading=\"lazy\" decoding=\"async\" class=\"size-medium wp-image-187 alignnone\" src=\"http:\/\/www.chemtec.com.py\/wp-content\/uploads\/2016\/07\/axion-80-wp-221x300.png\" alt=\"axion 80 wp\" width=\"221\" height=\"300\" srcset=\"http:\/\/www.chemtec.com.py\/wp-content\/uploads\/2016\/07\/axion-80-wp-221x300.png 221w, http:\/\/www.chemtec.com.py\/wp-content\/uploads\/2016\/07\/axion-80-wp-768x1042.png 768w, http:\/\/www.chemtec.com.py\/wp-content\/uploads\/2016\/07\/axion-80-wp-755x1024.png 755w, http:\/\/www.chemtec.com.py\/wp-content\/uploads\/2016\/07\/axion-80-wp.png 1299w\" sizes=\"(max-width: 221px) 100vw, 221px\" \/><\/td>\n<td style=\"width: 573px;\">\n<h6><strong>AXION\u00ae 25, 43 Y 80 | <em>Tebuconazole 25% \/ 43% <\/em><\/strong><\/h6>\n<p>Fungicida sist\u00e9mico de la familia de los Triazoles, con propiedades preventivas, curativas y erradicantes. Acci\u00f3n comprobada sobre la roya de la soja (Phakopsora pachyrizi), tanto en ataques tempranos como tard\u00edos. AXION 80 no causa fitotoxicidad y tiene la mayor concentraci\u00f3n para su uso en menor dosis.<\/p>\n<p style=\"text-align: right;\"><strong>Caja Bag-In-Box 20 L.<\/strong><\/p>\n<p style=\"text-align: right;\"><strong>Bid\u00f3n de 5 L, Botella de 1 L.<\/strong><\/p>\n<p style=\"text-align: right;\"><strong>Polvo 500 g.<\/strong><\/p>\n<\/td>\n<\/tr>\n<\/tbody>\n<\/table>\n<table style=\"width: 100%;\">\n<tbody>\n<tr>\n<td style=\"width: 28.034%;\"><img loading=\"lazy\" decoding=\"async\" class=\"size-medium wp-image-188 alignnone\" src=\"http:\/\/www.chemtec.com.py\/wp-content\/uploads\/2016\/07\/force-1-145x300.png\" alt=\"force\" width=\"145\" height=\"300\" srcset=\"http:\/\/www.chemtec.com.py\/wp-content\/uploads\/2016\/07\/force-1-145x300.png 145w, http:\/\/www.chemtec.com.py\/wp-content\/uploads\/2016\/07\/force-1-494x1024.png 494w, http:\/\/www.chemtec.com.py\/wp-content\/uploads\/2016\/07\/force-1.png 627w\" sizes=\"(max-width: 145px) 100vw, 145px\" \/><\/td>\n<td style=\"width: 69.2961%; text-align: right;\">\n<h6 style=\"text-align: left;\"><strong>FORCE PREMIUM\u00ae | <em>Azoxistrobin 20% \/ Ciproconazole 12% SC SC<\/em><\/strong><\/h6>\n<p style=\"text-align: left;\">Es un fungicida sist\u00e9mico translaminar y de contacto recomendado para el control curativo y preventivo de enfermedades causadas por hongos que afectan las hojas de diversos cultivos. La mezcla de ambos principios activos determinan una acci\u00f3n combinada, bloqueando el proceso respiratorio de la s\u00edntesis del ergosterol en los hongos . Viene con Oleo-Tec, aceite de origen vegetal que se usa en una proporci\u00f3n de 1:1 a la hora de mezclar en el tanque del pulverizador.<\/p>\n<p><strong>Bid\u00f3n de 5 L, Botella de 1 L.<\/strong><\/td>\n<\/tr>\n<\/tbody>\n<\/table>\n<table style=\"width: 100%;\">\n<tbody>\n<tr>\n<td style=\"width: 228px;\"><img loading=\"lazy\" decoding=\"async\" class=\"size-medium wp-image-250 alignnone\" src=\"http:\/\/www.chemtec.com.py\/wp-content\/uploads\/2016\/07\/carbentec-1l-147x300.png\" alt=\"carbentec 1l\" width=\"147\" height=\"300\" srcset=\"http:\/\/www.chemtec.com.py\/wp-content\/uploads\/2016\/07\/carbentec-1l-147x300.png 147w, http:\/\/www.chemtec.com.py\/wp-content\/uploads\/2016\/07\/carbentec-1l.png 289w\" sizes=\"(max-width: 147px) 100vw, 147px\" \/><\/td>\n<td style=\"width: 574px; text-align: right;\">\n<h6 style=\"text-align: left;\"><strong>CARBENTEC\u00ae 50 Y 75 | <em>Carbendazim 50% SC 75% WP<\/em><\/strong><\/h6>\n<p style=\"text-align: left;\">Fungicida sist\u00e9mico que se absorbe tanto por los \u00f3rganos verdes como por las ra\u00edces de los vegetales. Es aplicable a una amplia variedad de cultivos protegi\u00e9ndolos de un vasto espectro de hongos. Es el fungicida de fin de ciclo por su espectro de control y su corto periodo de carencia. CARBENTEC 75 tiene la m\u00e1xima concentraci\u00f3n con la mejor relaci\u00f3n costo-dosis.<\/p>\n<p style=\"text-align: right;\"><strong>Caja Bag-In-Box 20 L.<\/strong><\/p>\n<p style=\"text-align: right;\"><strong>Bid\u00f3n de 5 L, botella de 1 L.<\/strong><\/p>\n<p><strong>Bolsa de 25 kg.<\/strong><\/td>\n<\/tr>\n<\/tbody>\n<\/table>\n<table style=\"width: 100%;\">\n<tbody>\n<tr>\n<td style=\"width: 387px; text-align: center;\"><img loading=\"lazy\" decoding=\"async\" class=\"size-medium wp-image-252 alignnone\" src=\"http:\/\/www.chemtec.com.py\/wp-content\/uploads\/2016\/07\/sulfol_60-247x300.png\" alt=\"sulfol_60\" width=\"247\" height=\"300\" srcset=\"http:\/\/www.chemtec.com.py\/wp-content\/uploads\/2016\/07\/sulfol_60-247x300.png 247w, http:\/\/www.chemtec.com.py\/wp-content\/uploads\/2016\/07\/sulfol_60-768x932.png 768w, http:\/\/www.chemtec.com.py\/wp-content\/uploads\/2016\/07\/sulfol_60-844x1024.png 844w, http:\/\/www.chemtec.com.py\/wp-content\/uploads\/2016\/07\/sulfol_60.png 1352w\" sizes=\"(max-width: 247px) 100vw, 247px\" \/><\/td>\n<td style=\"width: 968px;\">\n<h6><strong>SULFOL\u00ae 60 | <em>Azufre 60% SC<\/em><\/strong><\/h6>\n<p>Este es un producto formulado l\u00edquido que puede ser utilizado como fertilizante foliar, acaricida, ovicida y como refuerzo en el control de insectos. Est\u00e1 realizado con una materia prima de alt\u00edsima pureza y calidad. No obstruye los picos del pulverizador ni decanta en el tanque, ni en almacenamiento. Su efecto como fertilizante foliar es inmediato en cultivos extensivos. Es un producto \u00a0pr\u00e1cticamente no t\u00f3xico, y se recomienda en cultivos intensivos y hortalizas.<\/p>\n<p style=\"text-align: right;\"><strong>Caja Bag-In-Box 20 L.<\/strong><\/p>\n<p style=\"text-align: right;\"><strong>Bid\u00f3n de 5 L.<\/strong><\/p>\n<\/td>\n<\/tr>\n<\/tbody>\n<\/table>\n<table style=\"width: 100%;\">\n<tbody>\n<tr>\n<td style=\"width: 148.833px; text-align: center;\"><img loading=\"lazy\" decoding=\"async\" class=\"alignnone size-medium wp-image-259\" src=\"http:\/\/www.chemtec.com.py\/wp-content\/uploads\/2016\/07\/supercooper-1l-1-139x300.png\" alt=\"supercooper 1l -1\" width=\"139\" height=\"300\" srcset=\"http:\/\/www.chemtec.com.py\/wp-content\/uploads\/2016\/07\/supercooper-1l-1-139x300.png 139w, http:\/\/www.chemtec.com.py\/wp-content\/uploads\/2016\/07\/supercooper-1l-1-476x1024.png 476w, http:\/\/www.chemtec.com.py\/wp-content\/uploads\/2016\/07\/supercooper-1l-1.png 604w\" sizes=\"(max-width: 139px) 100vw, 139px\" \/><\/td>\n<td style=\"width: 434.167px;\">\n<h6><strong>Super-Copper\u00ae | Cobre + BioEstimulante SL<\/strong><\/h6>\n<p><strong>REGISTRADO: AGRICULTURA ORG\u00c1NICA CERTIFICADA<\/strong><\/p>\n<p>El cobre llega a los puntos de acci\u00f3n mediante el efecto movilizador de los amino\u00e1cidos de origen natural, haci\u00e9ndolo sist\u00e9mico y \u00a0m\u00e1s efectivo en el control de hongos y bacterias, mientras los amino\u00e1cidos act\u00faan como bioestimulantes del crecimiento del cultivo. Es de triple acci\u00f3n: acci\u00f3n preventiva en hongos y bacterias, acci\u00f3n curativa en hongos y bacterias, y bioestimulante.<\/p>\n<p style=\"text-align: right;\"><strong>Caja Bag-In-Box 20 L.<\/strong><\/p>\n<p style=\"text-align: right;\"><strong>Bid\u00f3n de 5 L, botella de 1 L.<\/strong><\/p>\n<\/td>\n<\/tr>\n<\/tbody>\n<\/table>\n<p>&nbsp;<\/p>\n","protected":false},"excerpt":{"rendered":"<p>AXION\u00ae 25, 43 Y 80 | Tebuconazole 25% \/ 43% Fungicida sist\u00e9mico de la familia de los Triazoles, con propiedades preventivas, curativas y erradicantes. Acci\u00f3n comprobada sobre la roya de la soja (Phakopsora pachyrizi), tanto en ataques tempranos como tard\u00edos. AXION 80 no causa fitotoxicidad y tiene la mayor concentraci\u00f3n para su uso en menor&#8230;<\/p>\n","protected":false},"author":2,"featured_media":0,"parent":0,"menu_order":0,"comment_status":"closed","ping_status":"closed","template":"","meta":{"footnotes":""},"class_list":["post-154","page","type-page","status-publish","hentry"],"_links":{"self":[{"href":"http:\/\/www.chemtec.com.py\/index.php?rest_route=\/wp\/v2\/pages\/154"}],"collection":[{"href":"http:\/\/www.chemtec.com.py\/index.php?rest_route=\/wp\/v2\/pages"}],"about":[{"href":"http:\/\/www.chemtec.com.py\/index.php?rest_route=\/wp\/v2\/types\/page"}],"author":[{"embeddable":true,"href":"http:\/\/www.chemtec.com.py\/index.php?rest_route=\/wp\/v2\/users\/2"}],"replies":[{"embeddable":true,"href":"http:\/\/www.chemtec.com.py\/index.php?rest_route=%2Fwp%2Fv2%2Fcomments&post=154"}],"version-history":[{"count":13,"href":"http:\/\/www.chemtec.com.py\/index.php?rest_route=\/wp\/v2\/pages\/154\/revisions"}],"predecessor-version":[{"id":260,"href":"http:\/\/www.chemtec.com.py\/index.php?rest_route=\/wp\/v2\/pages\/154\/revisions\/260"}],"wp:attachment":[{"href":"http:\/\/www.chemtec.com.py\/index.php?rest_route=%2Fwp%2Fv2%2Fmedia&parent=154"}],"curies":[{"name":"wp","href":"https:\/\/api.w.org\/{rel}","templated":true}]}}