{"id":197,"date":"2016-07-26T17:25:40","date_gmt":"2016-07-26T21:25:40","guid":{"rendered":"http:\/\/www.chemtec.com.py\/?page_id=197"},"modified":"2016-07-28T17:16:18","modified_gmt":"2016-07-28T21:16:18","slug":"coadyuvantes","status":"publish","type":"page","link":"http:\/\/www.chemtec.com.py\/?page_id=197","title":{"rendered":"COADYUVANTES"},"content":{"rendered":"<table style=\"width: 100%;\">\n<tbody>\n<tr>\n<td style=\"width: 229px; text-align: center;\">\u00a0<img loading=\"lazy\" decoding=\"async\" class=\"alignnone size-medium wp-image-199\" src=\"http:\/\/www.chemtec.com.py\/wp-content\/uploads\/2016\/07\/silver-1l-138x300.png\" alt=\"silver 1l\" width=\"138\" height=\"300\" srcset=\"http:\/\/www.chemtec.com.py\/wp-content\/uploads\/2016\/07\/silver-1l-138x300.png 138w, http:\/\/www.chemtec.com.py\/wp-content\/uploads\/2016\/07\/silver-1l-472x1024.png 472w, http:\/\/www.chemtec.com.py\/wp-content\/uploads\/2016\/07\/silver-1l.png 619w\" sizes=\"(max-width: 138px) 100vw, 138px\" \/><\/td>\n<td style=\"width: 573px;\">\n<h6><strong>SILVER \u00ae | Aceite Vegetal Bioactivado + Amino\u00e1cidos + Siliconas<\/strong><\/h6>\n<p>Reduce la tensi\u00f3n superficial de la pulverizaci\u00f3n, haciendo m\u00e1s peque\u00f1as las gotas, formando una pel\u00edcula uniforme dando mayor adherencia de los productos fitosanitarios a los vegetales. Su f\u00f3rmula exclusiva promueve la r\u00e1pida penetraci\u00f3n del producto fitosanitario. Completa su acci\u00f3n con efecto antiestr\u00e9s y fertilizante.<\/p>\n<p style=\"text-align: right;\"><strong>Botella de 1 L.<\/strong><\/p>\n<\/td>\n<\/tr>\n<\/tbody>\n<\/table>\n<table style=\"width: 100%;\">\n<tbody>\n<tr>\n<td style=\"width: 196px; text-align: center;\"><img loading=\"lazy\" decoding=\"async\" class=\"alignnone size-medium wp-image-293\" src=\"http:\/\/www.chemtec.com.py\/wp-content\/uploads\/2016\/07\/TRANSPORTER-1L-129x300.png\" alt=\"TRANSPORTER 1L\" width=\"129\" height=\"300\" srcset=\"http:\/\/www.chemtec.com.py\/wp-content\/uploads\/2016\/07\/TRANSPORTER-1L-129x300.png 129w, http:\/\/www.chemtec.com.py\/wp-content\/uploads\/2016\/07\/TRANSPORTER-1L-441x1024.png 441w, http:\/\/www.chemtec.com.py\/wp-content\/uploads\/2016\/07\/TRANSPORTER-1L.png 585w\" sizes=\"(max-width: 129px) 100vw, 129px\" \/><\/td>\n<td style=\"width: 500px;\">\n<h6><strong>TRANSPORTER \u00ae | Aceite Vegetal Metilado<\/strong><\/h6>\n<p>Combina un aceite vegetal de alta pureza y calidad bioactivado + emulgentes , lo que lo convierte en una formulaci\u00f3n \u201cconcentrada emulsionable\u201d, se mezcla perfectamente con el agua con prolongada estabilidad y aumenta el poder mojable de los caldos de herbicidas, insecticidas o fungicidas, mejorando la distribuci\u00f3n y adherencia de los plaguicidas .<\/p>\n<p style=\"text-align: right;\"><strong>Caja Bag-In-Box 20 L, Bid\u00f3n de 5 L, Botella de 1 L.<\/strong><\/p>\n<\/td>\n<\/tr>\n<\/tbody>\n<\/table>\n<table style=\"width: 100%;\">\n<tbody>\n<tr>\n<td style=\"width: 113px; text-align: center;\"><img loading=\"lazy\" decoding=\"async\" class=\"alignnone size-medium wp-image-295\" src=\"http:\/\/www.chemtec.com.py\/wp-content\/uploads\/2016\/07\/multimate-1-126x300.png\" alt=\"multimate - 1\" width=\"126\" height=\"300\" srcset=\"http:\/\/www.chemtec.com.py\/wp-content\/uploads\/2016\/07\/multimate-1-126x300.png 126w, http:\/\/www.chemtec.com.py\/wp-content\/uploads\/2016\/07\/multimate-1-431x1024.png 431w, http:\/\/www.chemtec.com.py\/wp-content\/uploads\/2016\/07\/multimate-1.png 572w\" sizes=\"(max-width: 126px) 100vw, 126px\" \/><\/td>\n<td style=\"width: 336px;\">\n<h6>MULTIMATE\u00ae | <em>Corrector de pH y secuestrantes de sales\u00a0\u00a0 <\/em><\/h6>\n<p>Regulador de pH, humectante y capturador de sales disueltas o libres en el agua de aplicaci\u00f3n para defensivos agr\u00edcolas. Es el \u00a0\u00fanico en el mercado que indica en forma autom\u00e1tica el nivel de pH del agua sin necesidad de utilizar implementos adicionales.\u00a0Indica inmediatamentea traves de cambios en el color del agua el nivel de acidez de la misma.<\/p>\n<p style=\"text-align: right;\"><strong>Bid\u00f3n de 5 L, botella de 1 L, Botella de 1 L.<\/strong><\/p>\n<\/td>\n<\/tr>\n<\/tbody>\n<\/table>\n<table style=\"width: 100%;\">\n<tbody>\n<tr style=\"height: 307px;\">\n<td style=\"width: 192px; height: 307px;\"><img loading=\"lazy\" decoding=\"async\" class=\"alignnone size-medium wp-image-298\" src=\"http:\/\/www.chemtec.com.py\/wp-content\/uploads\/2016\/07\/chemwet-1l-1-132x300.png\" alt=\"chemwet 1l-1\" width=\"132\" height=\"300\" srcset=\"http:\/\/www.chemtec.com.py\/wp-content\/uploads\/2016\/07\/chemwet-1l-1-132x300.png 132w, http:\/\/www.chemtec.com.py\/wp-content\/uploads\/2016\/07\/chemwet-1l-1-450x1024.png 450w, http:\/\/www.chemtec.com.py\/wp-content\/uploads\/2016\/07\/chemwet-1l-1.png 597w\" sizes=\"(max-width: 132px) 100vw, 132px\" \/><\/td>\n<td style=\"width: 558px; height: 307px;\">\n<h6><strong>CHEM-WET\u00ae | <em>Humectante <\/em><\/strong><\/h6>\n<p>Combina un aceite vegetal de alta pureza y calidad bioactivado + emulgentes , lo que lo convierte en una formulaci\u00f3n \u201cconcentrada emulsionable\u201d, se mezcla perfectamente con el agua con prolongada estabilidad y aumenta el poder mojable de los caldos\u00a0de herbicidas, insecticidas o fungicidas, mejorando la distribuci\u00f3n y adherencia de los plaguicidas .<\/p>\n<p style=\"text-align: right;\"><strong>Caja Bag-In-Box 20 L, Bid\u00f3n de 5 L, Botella de 1 L.<\/strong><\/p>\n<\/td>\n<\/tr>\n<\/tbody>\n<\/table>\n<table style=\"width: 100%;\">\n<tbody>\n<tr>\n<td style=\"width: 95px;\"><img loading=\"lazy\" decoding=\"async\" class=\"alignnone size-medium wp-image-300\" src=\"http:\/\/www.chemtec.com.py\/wp-content\/uploads\/2016\/07\/oelotec-126x300.png\" alt=\"oelotec\" width=\"126\" height=\"300\" srcset=\"http:\/\/www.chemtec.com.py\/wp-content\/uploads\/2016\/07\/oelotec-126x300.png 126w, http:\/\/www.chemtec.com.py\/wp-content\/uploads\/2016\/07\/oelotec-429x1024.png 429w, http:\/\/www.chemtec.com.py\/wp-content\/uploads\/2016\/07\/oelotec.png 569w\" sizes=\"(max-width: 126px) 100vw, 126px\" \/><\/td>\n<td style=\"width: 323px;\">\n<h6><strong>OLEOTEC \u00ae<\/strong><\/h6>\n<p>Aceite de origen vegetal que en la mezcla con defensivos agr\u00edcolas otorga beneficios extras como la disminuci\u00f3n de la deriva, la uniformidad del tama\u00f1o de las gotas, disminuci\u00f3n de la velocidad de evaporaci\u00f3n y de la tensi\u00f3n superficial, aumento de la adherencia con la consecuente disminuci\u00f3n de p\u00e9rdidas por escurrimiento.<\/p>\n<p style=\"text-align: right;\"><strong>Botella de 1 L.<\/strong><\/p>\n<\/td>\n<\/tr>\n<\/tbody>\n<\/table>\n","protected":false},"excerpt":{"rendered":"<p>\u00a0 SILVER \u00ae | Aceite Vegetal Bioactivado + Amino\u00e1cidos + Siliconas Reduce la tensi\u00f3n superficial de la pulverizaci\u00f3n, haciendo m\u00e1s peque\u00f1as las gotas, formando una pel\u00edcula uniforme dando mayor adherencia de los productos fitosanitarios a los vegetales. Su f\u00f3rmula exclusiva promueve la r\u00e1pida penetraci\u00f3n del producto fitosanitario. Completa su acci\u00f3n con efecto antiestr\u00e9s y fertilizante&#8230;.<\/p>\n","protected":false},"author":2,"featured_media":0,"parent":0,"menu_order":0,"comment_status":"closed","ping_status":"closed","template":"","meta":{"footnotes":""},"class_list":["post-197","page","type-page","status-publish","hentry"],"_links":{"self":[{"href":"http:\/\/www.chemtec.com.py\/index.php?rest_route=\/wp\/v2\/pages\/197"}],"collection":[{"href":"http:\/\/www.chemtec.com.py\/index.php?rest_route=\/wp\/v2\/pages"}],"about":[{"href":"http:\/\/www.chemtec.com.py\/index.php?rest_route=\/wp\/v2\/types\/page"}],"author":[{"embeddable":true,"href":"http:\/\/www.chemtec.com.py\/index.php?rest_route=\/wp\/v2\/users\/2"}],"replies":[{"embeddable":true,"href":"http:\/\/www.chemtec.com.py\/index.php?rest_route=%2Fwp%2Fv2%2Fcomments&post=197"}],"version-history":[{"count":9,"href":"http:\/\/www.chemtec.com.py\/index.php?rest_route=\/wp\/v2\/pages\/197\/revisions"}],"predecessor-version":[{"id":301,"href":"http:\/\/www.chemtec.com.py\/index.php?rest_route=\/wp\/v2\/pages\/197\/revisions\/301"}],"wp:attachment":[{"href":"http:\/\/www.chemtec.com.py\/index.php?rest_route=%2Fwp%2Fv2%2Fmedia&parent=197"}],"curies":[{"name":"wp","href":"https:\/\/api.w.org\/{rel}","templated":true}]}}