{"id":85,"date":"2016-07-20T16:33:37","date_gmt":"2016-07-20T20:33:37","guid":{"rendered":"http:\/\/www.chemtec.com.py\/?page_id=85"},"modified":"2016-07-30T10:49:36","modified_gmt":"2016-07-30T14:49:36","slug":"chemtec-lider-regional","status":"publish","type":"page","link":"http:\/\/www.chemtec.com.py\/?page_id=85","title":{"rendered":"CHEMTEC, l\u00edder regional"},"content":{"rendered":"<p>Chemtec est\u00e1 ubicada en el centro de la regi\u00f3n de mayor producci\u00f3n mundial de oleaginosas: Brasil es el segundo productor mundial de soja, Argentina el tercero y Paraguay el sexto.<\/p>\n<p>Su responsabilidad comercial le permiti\u00f3 el reconocimiento de las cooperativas, acopiadores, distribuidores y productores m\u00e1s importantes de la regi\u00f3n.<\/p>\n<p>Su amplio stock, su r\u00e1pida y eficiente disponibilidad de productos a los requerimientos estacionales, la han convertido en una proveedora de excelencia con m\u00e1s de 130 registros de productos fitosanitarios activos.<\/p>\n<p>Chemtec lidera con algunos productos el mercado paraguayo y realiza exportaciones peri\u00f3dicas a Bolivia, Argentina y Brasil.<\/p>\n<p>Ofrece una amplia gama de agroqu\u00edmicos; funguicidas, insecticidas, herbicidas y coadyuvantes. Innovadores nutrientes vegetales de desarrollo biotecnol\u00f3gico, inoculantes, fertilizantes y bioestimulantes. Adem\u00e1s de una l\u00ednea de productos veterinarios.<\/p>\n<p>Tambi\u00e9n\u00a0producen insecticidas piretroides de baja toxicidad, para uso urbano\/residencial, como contribuci\u00f3n al grave problema de la Fiebre Amarilla, el Mal de Chagas y el Dengue.<\/p>\n<p>Los profesionales de Chemtec tanto de planta como de campo, componen un equipo altamente calificado, integrado por Ing. Agr\u00f3nomos, Ing. Qu\u00edmicos, Bi\u00f3logos, Veterinarios, profesionales administrativos y operarios, alcanzando un total de 70 funcionarios, formando as\u00ed e<strong>l equipo que tiene la mejor qu\u00edmica<\/strong>. El 40% del personal tiene t\u00edtulos de grado.<\/p>\n<p>Chemtec ha sido galardonada por la Uni\u00f3n Industrial Paraguaya (UIP) y el Centro Paraguayo de Productividad y Calidad, como una de las 3 empresas del pa\u00eds que m\u00e1s ha invertido en capacitaci\u00f3n de sus colaboradores en un proceso de mejora cont\u00ednua en la gesti\u00f3n organizacional.<\/p>\n<p>Porque Chemtec apuesta al crecimiento del pa\u00eds, reinvierte el total de las utilidades en infraestructura, tecnolog\u00eda, investigaci\u00f3n y desarrollo; en la capacitaci\u00f3n del potencial humano y la generaci\u00f3n de conocimientos como herramientas indispensables para garantizar el crecimiento propio y el de sus clientes.<\/p>\n<p>Chemtec desde sus inicios destin\u00f3 esfuerzos e inversiones en la investigaci\u00f3n y desarrollo de productos innovadores, logrando el\u00a0\u00a0Desarrollo y Producci\u00f3n de Inoculante Nativo para Soja (2009) y el\u00a0Fertilizante Ecol\u00f3gico Granulado (2015).\u00a0Chemtec a la vanguardia en desarrollo de productos org\u00e1nicos para el agro.<\/p>\n<p><strong>CHEMTEC, l\u00edder tecnol\u00f3gico y referente regional.<\/strong><\/p>\n","protected":false},"excerpt":{"rendered":"<p>Chemtec est\u00e1 ubicada en el centro de la regi\u00f3n de mayor producci\u00f3n mundial de oleaginosas: Brasil es el segundo productor mundial de soja, Argentina el tercero y Paraguay el sexto. Su responsabilidad comercial le permiti\u00f3 el reconocimiento de las cooperativas, acopiadores, distribuidores y productores m\u00e1s importantes de la regi\u00f3n. Su amplio stock, su r\u00e1pida y&#8230;<\/p>\n","protected":false},"author":2,"featured_media":101,"parent":0,"menu_order":0,"comment_status":"closed","ping_status":"closed","template":"","meta":{"footnotes":""},"class_list":["post-85","page","type-page","status-publish","has-post-thumbnail","hentry"],"_links":{"self":[{"href":"http:\/\/www.chemtec.com.py\/index.php?rest_route=\/wp\/v2\/pages\/85"}],"collection":[{"href":"http:\/\/www.chemtec.com.py\/index.php?rest_route=\/wp\/v2\/pages"}],"about":[{"href":"http:\/\/www.chemtec.com.py\/index.php?rest_route=\/wp\/v2\/types\/page"}],"author":[{"embeddable":true,"href":"http:\/\/www.chemtec.com.py\/index.php?rest_route=\/wp\/v2\/users\/2"}],"replies":[{"embeddable":true,"href":"http:\/\/www.chemtec.com.py\/index.php?rest_route=%2Fwp%2Fv2%2Fcomments&post=85"}],"version-history":[{"count":5,"href":"http:\/\/www.chemtec.com.py\/index.php?rest_route=\/wp\/v2\/pages\/85\/revisions"}],"predecessor-version":[{"id":345,"href":"http:\/\/www.chemtec.com.py\/index.php?rest_route=\/wp\/v2\/pages\/85\/revisions\/345"}],"wp:featuredmedia":[{"embeddable":true,"href":"http:\/\/www.chemtec.com.py\/index.php?rest_route=\/wp\/v2\/media\/101"}],"wp:attachment":[{"href":"http:\/\/www.chemtec.com.py\/index.php?rest_route=%2Fwp%2Fv2%2Fmedia&parent=85"}],"curies":[{"name":"wp","href":"https:\/\/api.w.org\/{rel}","templated":true}]}}